{"id":201,"date":"2020-12-08T09:30:45","date_gmt":"2020-12-08T08:30:45","guid":{"rendered":"https:\/\/www.businessgarden.eu\/poland\/covid-19\/?page_id=201"},"modified":"2021-03-10T14:14:57","modified_gmt":"2021-03-10T13:14:57","slug":"naklejki-w-miejscach-publicznych-i-toaletach-z-krotkimi-konkretnymi-komunikatami-dotyczacymi-aktualnych-srodkow-zaradczych-w-przypadku-pandemii-covid-19","status":"publish","type":"page","link":"https:\/\/www.businessgarden.eu\/poland\/covid-19\/pl\/naklejki-w-miejscach-publicznych-i-toaletach-z-krotkimi-konkretnymi-komunikatami-dotyczacymi-aktualnych-srodkow-zaradczych-w-przypadku-pandemii-covid-19\/","title":{"rendered":"Naklejki w miejscach publicznych i toaletach"},"content":{"rendered":"<ul>\n<li>Utrzymuj bezpieczny dystans minimum 1,5 metra od innych os\u00f3b zar\u00f3wno w \u015brodku, jak i na zewn\u0105trz.<\/li>\n<li>Dla bezpiecze\u0144stwa swojego i innych zakrywaj nos i usta maseczk\u0105 ochronn\u0105.<\/li>\n<li>Nie podawaj r\u0119ki na powitanie.<\/li>\n<li>Maksymalna liczba pasa\u017cer\u00f3w na jedn\u0105 wind\u0119 to 2 osoby.<\/li>\n<li>Je\u015bli to mo\u017cliwe, unikaj zb\u0119dnego ruchu mi\u0119dzy pi\u0119trami i\/lub budynkami.<\/li>\n<\/ul>\n<p><img class=\"alignnone wp-image-202 size-full\" src=\"https:\/\/www.businessgarden.eu\/poland\/covid-19\/wp-content\/uploads\/2020\/12\/Group-6-1.jpg\" alt=\"\" width=\"830\" height=\"361\" srcset=\"https:\/\/www.businessgarden.eu\/poland\/covid-19\/wp-content\/uploads\/2020\/12\/Group-6-1.jpg 830w, https:\/\/www.businessgarden.eu\/poland\/covid-19\/wp-content\/uploads\/2020\/12\/Group-6-1-300x130.jpg 300w, https:\/\/www.businessgarden.eu\/poland\/covid-19\/wp-content\/uploads\/2020\/12\/Group-6-1-768x334.jpg 768w\" sizes=\"(max-width: 830px) 100vw, 830px\" \/><\/p>\n","protected":false},"excerpt":{"rendered":"<p>Utrzymuj bezpieczny dystans minimum 1,5 metra od innych os\u00f3b zar\u00f3wno w \u015brodku, jak i na&#8230;<\/p>\n","protected":false},"author":1,"featured_media":0,"parent":0,"menu_order":0,"comment_status":"closed","ping_status":"closed","template":"templates\/text.php","meta":{"spay_email":""},"_links":{"self":[{"href":"https:\/\/www.businessgarden.eu\/poland\/covid-19\/wp-json\/wp\/v2\/pages\/201"}],"collection":[{"href":"https:\/\/www.businessgarden.eu\/poland\/covid-19\/wp-json\/wp\/v2\/pages"}],"about":[{"href":"https:\/\/www.businessgarden.eu\/poland\/covid-19\/wp-json\/wp\/v2\/types\/page"}],"author":[{"embeddable":true,"href":"https:\/\/www.businessgarden.eu\/poland\/covid-19\/wp-json\/wp\/v2\/users\/1"}],"replies":[{"embeddable":true,"href":"https:\/\/www.businessgarden.eu\/poland\/covid-19\/wp-json\/wp\/v2\/comments?post=201"}],"version-history":[{"count":2,"href":"https:\/\/www.businessgarden.eu\/poland\/covid-19\/wp-json\/wp\/v2\/pages\/201\/revisions"}],"predecessor-version":[{"id":325,"href":"https:\/\/www.businessgarden.eu\/poland\/covid-19\/wp-json\/wp\/v2\/pages\/201\/revisions\/325"}],"wp:attachment":[{"href":"https:\/\/www.businessgarden.eu\/poland\/covid-19\/wp-json\/wp\/v2\/media?parent=201"}],"curies":[{"name":"wp","href":"https:\/\/api.w.org\/{rel}","templated":true}]}}