{"id":206,"date":"2020-12-08T09:33:57","date_gmt":"2020-12-08T08:33:57","guid":{"rendered":"https:\/\/www.businessgarden.eu\/poland\/covid-19\/?page_id=206"},"modified":"2020-12-08T09:59:27","modified_gmt":"2020-12-08T08:59:27","slug":"dobre-nawyki-podczas-korzystania-z-windy","status":"publish","type":"page","link":"https:\/\/www.businessgarden.eu\/poland\/covid-19\/pl\/dobre-nawyki-podczas-korzystania-z-windy\/","title":{"rendered":"Dobre nawyki podczas korzystania z windy"},"content":{"rendered":"<ul>\n<li>Unikaj wciskania przycisk\u00f3w go\u0142ymi r\u0119koma \u2013 u\u017cyj r\u0119kawiczek lub chusteczki jednorazowej, je\u015bli to mo\u017cliwe.<\/li>\n<li>Staraj si\u0119 trzyma\u0107 odpowiedni dystans od innych pasa\u017cer\u00f3w. Je\u015bli liczba pasa\u017cer\u00f3w nie pozwala Ci zachowa\u0107 bezpiecznego dystansu, wezwij kolejn\u0105 wind\u0119.<\/li>\n<li>Je\u015bli to mo\u017cliwe ogranicz rozmowy z innymi pasa\u017cerami w windzie.<\/li>\n<li>Unikaj stawiania toreb oraz paczek na pod\u0142odze.<\/li>\n<li>Unikaj opierania si\u0119 i dotykania drzwi winy, por\u0119czy i \u015bcian.<\/li>\n<li>Myj r\u0119ce po ka\u017cdym korzystaniu z windy.<\/li>\n<\/ul>\n<p><img class=\"alignnone wp-image-207 size-full\" src=\"https:\/\/www.businessgarden.eu\/poland\/covid-19\/wp-content\/uploads\/2020\/12\/Group-2-2.jpg\" alt=\"\" width=\"829\" height=\"361\" srcset=\"https:\/\/www.businessgarden.eu\/poland\/covid-19\/wp-content\/uploads\/2020\/12\/Group-2-2.jpg 829w, https:\/\/www.businessgarden.eu\/poland\/covid-19\/wp-content\/uploads\/2020\/12\/Group-2-2-300x131.jpg 300w, https:\/\/www.businessgarden.eu\/poland\/covid-19\/wp-content\/uploads\/2020\/12\/Group-2-2-768x334.jpg 768w\" sizes=\"(max-width: 829px) 100vw, 829px\" \/><\/p>\n","protected":false},"excerpt":{"rendered":"<p>Unikaj wciskania przycisk\u00f3w go\u0142ymi r\u0119koma \u2013 u\u017cyj r\u0119kawiczek lub chusteczki jednorazowej, je\u015bli to mo\u017cliwe. Staraj&#8230;<\/p>\n","protected":false},"author":1,"featured_media":0,"parent":0,"menu_order":0,"comment_status":"closed","ping_status":"closed","template":"templates\/text.php","meta":{"spay_email":""},"_links":{"self":[{"href":"https:\/\/www.businessgarden.eu\/poland\/covid-19\/wp-json\/wp\/v2\/pages\/206"}],"collection":[{"href":"https:\/\/www.businessgarden.eu\/poland\/covid-19\/wp-json\/wp\/v2\/pages"}],"about":[{"href":"https:\/\/www.businessgarden.eu\/poland\/covid-19\/wp-json\/wp\/v2\/types\/page"}],"author":[{"embeddable":true,"href":"https:\/\/www.businessgarden.eu\/poland\/covid-19\/wp-json\/wp\/v2\/users\/1"}],"replies":[{"embeddable":true,"href":"https:\/\/www.businessgarden.eu\/poland\/covid-19\/wp-json\/wp\/v2\/comments?post=206"}],"version-history":[{"count":0,"href":"https:\/\/www.businessgarden.eu\/poland\/covid-19\/wp-json\/wp\/v2\/pages\/206\/revisions"}],"wp:attachment":[{"href":"https:\/\/www.businessgarden.eu\/poland\/covid-19\/wp-json\/wp\/v2\/media?parent=206"}],"curies":[{"name":"wp","href":"https:\/\/api.w.org\/{rel}","templated":true}]}}