{"id":213,"date":"2020-12-08T09:42:48","date_gmt":"2020-12-08T08:42:48","guid":{"rendered":"https:\/\/www.businessgarden.eu\/poland\/covid-19\/?page_id=213"},"modified":"2020-12-08T09:59:36","modified_gmt":"2020-12-08T08:59:36","slug":"kalendarz-wydarzen-i-atrakcji","status":"publish","type":"page","link":"https:\/\/www.businessgarden.eu\/poland\/covid-19\/pl\/kalendarz-wydarzen-i-atrakcji\/","title":{"rendered":"Kalendarz wydarze\u0144 i atrakcji"},"content":{"rendered":"<p>Dostosowali\u015bmy kalendarz wydarze\u0144 i atrakcji! Wi\u0119kszo\u015b\u0107 wydarze\u0144 lub atrakcji mo\u017cna teraz ogl\u0105da\u0107 zdalnie, ale je\u015bli nie, to z zachowaniem wszystkich mo\u017cliwych \u015brodk\u00f3w bezpiecze\u0144stwa. Najnowsze przyk\u0142ady to:<\/p>\n<p>Seria Webinar\u00f3w w Ogrodzie, dost\u0119pna do odtworzenia na naszych facebookowych fanpage\u2019ach na wiele r\u00f3\u017cnych temat\u00f3w, prowadzonych od grudnia 2019 do sierpnia 2020 roku. Sprawd\u017acie je dla <a href=\"https:\/\/www.facebook.com\/businessgardenpoznan\/\">Poznania<\/a>, <a href=\"https:\/\/www.facebook.com\/businessgardenwarszawa\/\">Warszawy<\/a> i <a href=\"https:\/\/www.facebook.com\/businessgardenwroclaw\/\">Wroc\u0142awia<\/a>.<\/p>\n<p>Zwi\u0119kszona liczba darmowych Dni Rowerowych, aby mie\u0107 pewno\u015b\u0107, \u017ce Wasza alternatywa dla komunikacji miejskiej i samochodu jest zawsze dost\u0119pna!<\/p>\n<p><img class=\"alignnone wp-image-214 size-full\" src=\"https:\/\/www.businessgarden.eu\/poland\/covid-19\/wp-content\/uploads\/2020\/12\/Rectangle-142-1.png\" alt=\"\" width=\"819\" height=\"361\" srcset=\"https:\/\/www.businessgarden.eu\/poland\/covid-19\/wp-content\/uploads\/2020\/12\/Rectangle-142-1.png 819w, https:\/\/www.businessgarden.eu\/poland\/covid-19\/wp-content\/uploads\/2020\/12\/Rectangle-142-1-300x132.png 300w, https:\/\/www.businessgarden.eu\/poland\/covid-19\/wp-content\/uploads\/2020\/12\/Rectangle-142-1-768x339.png 768w\" sizes=\"(max-width: 819px) 100vw, 819px\" \/><\/p>\n","protected":false},"excerpt":{"rendered":"<p>Dostosowali\u015bmy kalendarz wydarze\u0144 i atrakcji! Wi\u0119kszo\u015b\u0107 wydarze\u0144 lub atrakcji mo\u017cna teraz ogl\u0105da\u0107 zdalnie, ale je\u015bli&#8230;<\/p>\n","protected":false},"author":1,"featured_media":0,"parent":0,"menu_order":0,"comment_status":"closed","ping_status":"closed","template":"templates\/text.php","meta":{"spay_email":""},"_links":{"self":[{"href":"https:\/\/www.businessgarden.eu\/poland\/covid-19\/wp-json\/wp\/v2\/pages\/213"}],"collection":[{"href":"https:\/\/www.businessgarden.eu\/poland\/covid-19\/wp-json\/wp\/v2\/pages"}],"about":[{"href":"https:\/\/www.businessgarden.eu\/poland\/covid-19\/wp-json\/wp\/v2\/types\/page"}],"author":[{"embeddable":true,"href":"https:\/\/www.businessgarden.eu\/poland\/covid-19\/wp-json\/wp\/v2\/users\/1"}],"replies":[{"embeddable":true,"href":"https:\/\/www.businessgarden.eu\/poland\/covid-19\/wp-json\/wp\/v2\/comments?post=213"}],"version-history":[{"count":0,"href":"https:\/\/www.businessgarden.eu\/poland\/covid-19\/wp-json\/wp\/v2\/pages\/213\/revisions"}],"wp:attachment":[{"href":"https:\/\/www.businessgarden.eu\/poland\/covid-19\/wp-json\/wp\/v2\/media?parent=213"}],"curies":[{"name":"wp","href":"https:\/\/api.w.org\/{rel}","templated":true}]}}