{"id":218,"date":"2020-12-08T09:57:44","date_gmt":"2020-12-08T08:57:44","guid":{"rendered":"https:\/\/www.businessgarden.eu\/poland\/covid-19\/?page_id=218"},"modified":"2020-12-08T09:57:44","modified_gmt":"2020-12-08T08:57:44","slug":"odpowiedzialnosc-spoleczna","status":"publish","type":"page","link":"https:\/\/www.businessgarden.eu\/poland\/covid-19\/pl\/odpowiedzialnosc-spoleczna\/","title":{"rendered":"Odpowiedzialno\u015b\u0107 spo\u0142eczna"},"content":{"rendered":"<p>W przypadku zauwa\u017cenia u siebie objaw\u00f3w Covid-19, odizoluj si\u0119 od pozosta\u0142ych os\u00f3b i zg\u0142o\u015b ten fakt prze\u0142o\u017conym. Przypomnij sobie dok\u0142adnie z kim widzia\u0142e\u015b si\u0119 i mia\u0142e\u015b bliski kontakt w ostatnich dniach i poinformuj je o Twoich dolegliwo\u015bciach &#8211; te osoby r\u00f3wnie\u017c s\u0105 nara\u017cone na niebezpiecze\u0144stwo zaka\u017cenia.<\/p>\n<p><img class=\"alignnone wp-image-219 size-full\" src=\"https:\/\/www.businessgarden.eu\/poland\/covid-19\/wp-content\/uploads\/2020\/12\/Rectangle-135-1.png\" alt=\"\" width=\"820\" height=\"361\" srcset=\"https:\/\/www.businessgarden.eu\/poland\/covid-19\/wp-content\/uploads\/2020\/12\/Rectangle-135-1.png 820w, https:\/\/www.businessgarden.eu\/poland\/covid-19\/wp-content\/uploads\/2020\/12\/Rectangle-135-1-300x132.png 300w, https:\/\/www.businessgarden.eu\/poland\/covid-19\/wp-content\/uploads\/2020\/12\/Rectangle-135-1-768x338.png 768w\" sizes=\"(max-width: 820px) 100vw, 820px\" \/><\/p>\n","protected":false},"excerpt":{"rendered":"<p>W przypadku zauwa\u017cenia u siebie objaw\u00f3w Covid-19, odizoluj si\u0119 od pozosta\u0142ych os\u00f3b i zg\u0142o\u015b ten&#8230;<\/p>\n","protected":false},"author":1,"featured_media":0,"parent":0,"menu_order":0,"comment_status":"closed","ping_status":"closed","template":"templates\/text.php","meta":{"spay_email":""},"_links":{"self":[{"href":"https:\/\/www.businessgarden.eu\/poland\/covid-19\/wp-json\/wp\/v2\/pages\/218"}],"collection":[{"href":"https:\/\/www.businessgarden.eu\/poland\/covid-19\/wp-json\/wp\/v2\/pages"}],"about":[{"href":"https:\/\/www.businessgarden.eu\/poland\/covid-19\/wp-json\/wp\/v2\/types\/page"}],"author":[{"embeddable":true,"href":"https:\/\/www.businessgarden.eu\/poland\/covid-19\/wp-json\/wp\/v2\/users\/1"}],"replies":[{"embeddable":true,"href":"https:\/\/www.businessgarden.eu\/poland\/covid-19\/wp-json\/wp\/v2\/comments?post=218"}],"version-history":[{"count":0,"href":"https:\/\/www.businessgarden.eu\/poland\/covid-19\/wp-json\/wp\/v2\/pages\/218\/revisions"}],"wp:attachment":[{"href":"https:\/\/www.businessgarden.eu\/poland\/covid-19\/wp-json\/wp\/v2\/media?parent=218"}],"curies":[{"name":"wp","href":"https:\/\/api.w.org\/{rel}","templated":true}]}}