{"id":226,"date":"2020-12-08T10:05:21","date_gmt":"2020-12-08T09:05:21","guid":{"rendered":"https:\/\/www.businessgarden.eu\/poland\/covid-19\/?page_id=226"},"modified":"2020-12-08T10:08:18","modified_gmt":"2020-12-08T09:08:18","slug":"komunikacja","status":"publish","type":"page","link":"https:\/\/www.businessgarden.eu\/poland\/covid-19\/pl\/komunikacja\/","title":{"rendered":"Komunikacja"},"content":{"rendered":"<p>Staramy si\u0119, aby informacje by\u0142y przekazywane w przyst\u0119pny spos\u00f3b. Powodem tego jest: A) post\u0119pujemy zgodnie z tymi samymi procedurami przewidzianymi przez w\u0142adze publiczne zar\u00f3wno dla Was, jak i dla nas, wi\u0119c nie ma potrzeby m\u00f3wi\u0107 Wam rzeczy, kt\u00f3re ju\u017c znasz, oraz B) skupiamy si\u0119 na komunikacji \u201esytuacyjnej\u201d, tj. to, co wa\u017cne, w miejscu, w kt\u00f3rym faktycznie ma zastosowanie:<\/p>\n<ul>\n<li>W formie naklejek, plakat\u00f3w lub innych \u015brodk\u00f3w tak, aby by\u0142y jak najbardziej przyst\u0119pne.<\/li>\n<li>Na tej stronie internetowej (stale aktualizowana).<\/li>\n<li>W pilnych przypadkach poczt\u0105 elektroniczn\u0105. W zwi\u0105zku z tym nale\u017cy pami\u0119ta\u0107, \u017ce e-maile s\u0105 zawsze wysy\u0142ane do naszych wyznaczonych kluczowych os\u00f3b kontaktowych w Twojej organizacji, a nie do ka\u017cdej osoby.<\/li>\n<\/ul>\n<p><img class=\"alignnone wp-image-227 size-full\" src=\"https:\/\/www.businessgarden.eu\/poland\/covid-19\/wp-content\/uploads\/2020\/12\/Group-4-1.jpg\" alt=\"\" width=\"829\" height=\"361\" srcset=\"https:\/\/www.businessgarden.eu\/poland\/covid-19\/wp-content\/uploads\/2020\/12\/Group-4-1.jpg 829w, https:\/\/www.businessgarden.eu\/poland\/covid-19\/wp-content\/uploads\/2020\/12\/Group-4-1-300x131.jpg 300w, https:\/\/www.businessgarden.eu\/poland\/covid-19\/wp-content\/uploads\/2020\/12\/Group-4-1-768x334.jpg 768w\" sizes=\"(max-width: 829px) 100vw, 829px\" \/><\/p>\n","protected":false},"excerpt":{"rendered":"<p>Staramy si\u0119, aby informacje by\u0142y przekazywane w przyst\u0119pny spos\u00f3b. Powodem tego jest: A) post\u0119pujemy zgodnie&#8230;<\/p>\n","protected":false},"author":1,"featured_media":0,"parent":0,"menu_order":0,"comment_status":"closed","ping_status":"closed","template":"templates\/text.php","meta":{"spay_email":""},"_links":{"self":[{"href":"https:\/\/www.businessgarden.eu\/poland\/covid-19\/wp-json\/wp\/v2\/pages\/226"}],"collection":[{"href":"https:\/\/www.businessgarden.eu\/poland\/covid-19\/wp-json\/wp\/v2\/pages"}],"about":[{"href":"https:\/\/www.businessgarden.eu\/poland\/covid-19\/wp-json\/wp\/v2\/types\/page"}],"author":[{"embeddable":true,"href":"https:\/\/www.businessgarden.eu\/poland\/covid-19\/wp-json\/wp\/v2\/users\/1"}],"replies":[{"embeddable":true,"href":"https:\/\/www.businessgarden.eu\/poland\/covid-19\/wp-json\/wp\/v2\/comments?post=226"}],"version-history":[{"count":0,"href":"https:\/\/www.businessgarden.eu\/poland\/covid-19\/wp-json\/wp\/v2\/pages\/226\/revisions"}],"wp:attachment":[{"href":"https:\/\/www.businessgarden.eu\/poland\/covid-19\/wp-json\/wp\/v2\/media?parent=226"}],"curies":[{"name":"wp","href":"https:\/\/api.w.org\/{rel}","templated":true}]}}