{"id":230,"date":"2020-12-08T10:08:09","date_gmt":"2020-12-08T09:08:09","guid":{"rendered":"https:\/\/www.businessgarden.eu\/poland\/covid-19\/?page_id=230"},"modified":"2020-12-08T10:08:09","modified_gmt":"2020-12-08T09:08:09","slug":"nasze-standardy-modus-operandi","status":"publish","type":"page","link":"https:\/\/www.businessgarden.eu\/poland\/covid-19\/pl\/nasze-standardy-modus-operandi\/","title":{"rendered":"Nasze standardy \/ modus operandi"},"content":{"rendered":"<p>\u015aci\u015ble korzystamy z przepis\u00f3w lokalnych w\u0142adz jako podstawy naszych decyzji; Zastrzegamy sobie jednak prawo do przekraczania minimalnych standard\u00f3w okre\u015blonych w tych przepisach, je\u015bli uznamy to za sensowne i sprawi, \u017ce Ty \/ Tw\u00f3j personel poczujecie si\u0119 bardziej komfortowo w pracy. Na przyk\u0142ad:<\/p>\n<ul>\n<li>Stacje dezynfekcji obok naszych stacji rower\u00f3w Ale Jazda!<\/li>\n<li>Dow\u00f3d regularnej dezynfekcji w\/w rower\u00f3w przez operatora systemu.<\/li>\n<li>Potwierdzenie minimalnych standard\u00f3w higieny i dezynfekcji stosowanych prze food trucki, kt\u00f3re regularnie nas odwiedzaj\u0105.<\/li>\n<\/ul>\n<p>Wspierali\u015bmy r\u00f3wnie\u017c i odbywali\u015bmy regularne spotkania mi\u0119dzyresortowe mi\u0119dzy naszymi dedykowanymi specjalistami ds. Zdrowia i bezpiecze\u0144stwa, dzia\u0142ami nieruchomo\u015bci i technicznymi oraz marketingiem i komunikacj\u0105, podczas kt\u00f3rych omawiane s\u0105 zar\u00f3wno obecne, jak i przysz\u0142e \u015brodki, a nast\u0119pnie podejmowane s\u0105 natychmiastowe decyzje. To pozwala nam szybciej reagowa\u0107 na nag\u0142e zmiany!<\/p>\n<p><img class=\"alignnone wp-image-231 size-full\" src=\"https:\/\/www.businessgarden.eu\/poland\/covid-19\/wp-content\/uploads\/2020\/12\/Group-5-1.jpg\" alt=\"\" width=\"830\" height=\"361\" srcset=\"https:\/\/www.businessgarden.eu\/poland\/covid-19\/wp-content\/uploads\/2020\/12\/Group-5-1.jpg 830w, https:\/\/www.businessgarden.eu\/poland\/covid-19\/wp-content\/uploads\/2020\/12\/Group-5-1-300x130.jpg 300w, https:\/\/www.businessgarden.eu\/poland\/covid-19\/wp-content\/uploads\/2020\/12\/Group-5-1-768x334.jpg 768w\" sizes=\"(max-width: 830px) 100vw, 830px\" \/><\/p>\n","protected":false},"excerpt":{"rendered":"<p>\u015aci\u015ble korzystamy z przepis\u00f3w lokalnych w\u0142adz jako podstawy naszych decyzji; Zastrzegamy sobie jednak prawo do&#8230;<\/p>\n","protected":false},"author":1,"featured_media":0,"parent":0,"menu_order":0,"comment_status":"closed","ping_status":"closed","template":"templates\/text.php","meta":{"spay_email":""},"_links":{"self":[{"href":"https:\/\/www.businessgarden.eu\/poland\/covid-19\/wp-json\/wp\/v2\/pages\/230"}],"collection":[{"href":"https:\/\/www.businessgarden.eu\/poland\/covid-19\/wp-json\/wp\/v2\/pages"}],"about":[{"href":"https:\/\/www.businessgarden.eu\/poland\/covid-19\/wp-json\/wp\/v2\/types\/page"}],"author":[{"embeddable":true,"href":"https:\/\/www.businessgarden.eu\/poland\/covid-19\/wp-json\/wp\/v2\/users\/1"}],"replies":[{"embeddable":true,"href":"https:\/\/www.businessgarden.eu\/poland\/covid-19\/wp-json\/wp\/v2\/comments?post=230"}],"version-history":[{"count":0,"href":"https:\/\/www.businessgarden.eu\/poland\/covid-19\/wp-json\/wp\/v2\/pages\/230\/revisions"}],"wp:attachment":[{"href":"https:\/\/www.businessgarden.eu\/poland\/covid-19\/wp-json\/wp\/v2\/media?parent=230"}],"curies":[{"name":"wp","href":"https:\/\/api.w.org\/{rel}","templated":true}]}}