{"id":85,"date":"2020-11-20T23:04:45","date_gmt":"2020-11-20T22:04:45","guid":{"rendered":"https:\/\/www.businessgarden.eu\/poland\/covid-19\/?page_id=85"},"modified":"2020-12-09T15:34:41","modified_gmt":"2020-12-09T14:34:41","slug":"polityka-prywatnosci","status":"publish","type":"page","link":"https:\/\/www.businessgarden.eu\/poland\/covid-19\/pl\/polityka-prywatnosci\/","title":{"rendered":"Polityka prywatno\u015bci"},"content":{"rendered":"<h1><strong style=\"font-size: 16px;\">Polityka Prywatno\u015bci i Polityka Plik\u00f3w Cookies<\/strong><\/h1>\n<div class=\"c\">\n<p><strong>Wst\u0119p<\/strong><\/p>\n<p>Oto nasza Polityka Prywatno\u015bci. Dokument opisuje, jak zbieramy i przetwarzamy dane otrzymane od Ciebie na naszej stronie. Przeczytaj uwa\u017cnie poni\u017csze informacje, aby zrozumie\u0107 nasze pogl\u0105dy i praktyki dotycz\u0105ce Twoich danych osobowych i sposobu, w jaki b\u0119dziemy je przetwarza\u0107.<\/p>\n<p>Je\u015bli masz jakie\u015b uwagi na temat polityki prywatno\u015bci, wy\u015blij je na adres\u00a0<a href=\"mailto:info.poland@vastint.eu\">info.poland@vastint.eu<\/a><\/p>\n<p><strong>Kim jeste\u015bmy<\/strong><\/p>\n<p>Zgodnie z przepisami zawartymi w rozporz\u0105dzeniu (UE) 2016\/679 Parlamentu Europejskiego i Rady z dnia 27 kwietnia 2016 r. w sprawie ochrony os\u00f3b fizycznych w zwi\u0105zku z przetwarzaniem danych osobowych i swobodnym przep\u0142ywem takich danych, znanym jako Og\u00f3lne Rozporz\u0105dzenie w sprawie Ochrony Danych Osobowych (RODO) podajemy Pa\u0144stwu nast\u0119puj\u0105ce informacje:<\/p>\n<ul>\n<li>Nasz adres strony to businessgarden.eu;<\/li>\n<li>Nazwa firmy to Vastint Poland Sp. z o.o.;<\/li>\n<li>Nasz zarejestrowany adres to \u017bwirki i Wigury 16b, 02-092 Warszawa;<\/li>\n<li>W sprawach dotycz\u0105cych bezpiecze\u0144stwa Pani\/Pana danych osobowych mog\u0105 si\u0119 Pa\u0144stwo kontaktowa\u0107 pod adresem mailowym: info.poland@vastint.eu oraz numerem telefonu: +48 22 820 91 51.<\/li>\n<\/ul>\n<p><strong>Jakie informacje zbieramy<\/strong><\/p>\n<p>Mo\u017cemy gromadzi\u0107 i przetwarza\u0107 nast\u0119puj\u0105ce dane osobowe:<\/p>\n<ul>\n<li>informacje, kt\u00f3re umieszczasz w formularzach lub ankietach na naszej stronie w dowolnym momencie;<\/li>\n<li>zapis wszelkiej korespondencji mi\u0119dzy nami;<\/li>\n<li>szczeg\u00f3\u0142y transakcji przeprowadzanych za po\u015brednictwem naszej strony internetowej;<\/li>\n<li>szczeg\u00f3\u0142y odwiedzin naszej strony internetowej i u\u017cywanych zasob\u00f3w;<\/li>\n<li>informacje o komputerze (np. adres IP, przegl\u0105darka, system operacyjny, itp.) w celu administrowania systemem i raportowania zagregowanych informacji naszym reklamodawcom.<\/li>\n<\/ul>\n<p>W ramach RODO zapewnimy, \u017ce Twoje dane osobowe b\u0119d\u0105 przetwarzane zgodnie z prawem, uczciwie i przejrzy\u015bcie, bez negatywnego wp\u0142ywu na Twoje prawa. Przetwarzamy Twoje dane osobowe tylko, je\u015bli spe\u0142niony jest co najmniej jeden z poni\u017cszych warunk\u00f3w:<\/p>\n<ul>\n<li>wyrazi\u0142e\u015b zgod\u0119 na przetwarzanie swoich danych osobowych do jednego lub wi\u0119cej konkretnych cel\u00f3w;<\/li>\n<li>przetwarzanie jest konieczne w celu wykonania umowy, kt\u00f3rej jeste\u015b stron\u0105 lub w celu podj\u0119cia krok\u00f3w na \u017c\u0105danie klienta przed zawarciem umowy;<\/li>\n<li>przetwarzanie jest konieczne dla zgodno\u015bci z prawnym obowi\u0105zkiem, kt\u00f3remu podlegamy;<\/li>\n<li>przetwarzanie jest konieczne w celu ochrony twoich lub \u017cywotnych interes\u00f3w innej osoby fizycznej;<\/li>\n<li>przetwarzanie jest niezb\u0119dne do realizacji zadania wykonywanego w interesie publicznym lub w ramach wykonywania w\u0142adzy publicznej powierzonej administratorowi; i \/ lub<\/li>\n<li>przetwarzanie jest konieczne do cel\u00f3w zgodnych z prawem interes\u00f3w realizowanych przez nas lub przez stron\u0119 trzeci\u0105, takich jak przetwarzanie p\u0142atno\u015bci za pomoc\u0105 karty kredytowej, z wyj\u0105tkiem przypadk\u00f3w, gdy takie interesy s\u0105 pomijane przez podstawowe prawa i wolno\u015bci osoby, kt\u00f3rej dane dotycz\u0105, i kt\u00f3re wymagaj\u0105 ochrony danych osobowych, w szczeg\u00f3lno\u015bci gdy podmiot danych jest dzieckiem.<\/li>\n<\/ul>\n<p><strong>Cookies<\/strong><\/p>\n<p>Wszystkie pliki cookies (ciasteczka) u\u017cywane przez nasz\u0105 stron\u0119 s\u0105 u\u017cywane zgodnie z obowi\u0105zuj\u0105cym prawem UE dotycz\u0105cym tego zagadnienia.<\/p>\n<p>Strona mo\u017ce wykorzystywa\u0107\/wykorzystuje pliki cookie lub podobn\u0105 technologi\u0119 do zbierania informacji o Twoim dost\u0119pie do strony. Pliki cookies to fragmenty informacji, kt\u00f3re zawieraj\u0105 unikalny kod referencyjny, kt\u00f3ry strona internetowa przesy\u0142a na Twoje urz\u0105dzenie w celu przechowywania, a czasem \u015bledzenia informacji o Tobie.<\/p>\n<p>Niekt\u00f3re z plik\u00f3w cookies, kt\u00f3re wykorzystujemy, s\u0105 dost\u0119pne tylko przez czas trwania Twojej sesji internetowej i wygasaj\u0105 po zamkni\u0119ciu przegl\u0105darki. Inne pliki cookies s\u0142u\u017c\u0105 do zapami\u0119tania u\u017cytkownika po powrocie na stron\u0119 i b\u0119d\u0105 zachowywane przed d\u0142u\u017cszy czas.<\/p>\n<p>Wszystkie pliki cookies u\u017cywane na naszej stronie s\u0105 ustalane przez nas.<\/p>\n<p>Wi\u0119kszo\u015b\u0107 u\u017cytkownik\u00f3w komputer\u00f3w i niekt\u00f3rych przegl\u0105darek mobilnych automatycznie akceptuje pliki cookie, ale je\u015bli wolisz, mo\u017cesz zmieni\u0107 przegl\u0105dark\u0119, aby temu zapobiec lub otrzyma\u0107 \u00a0za ka\u017cdym razem stosowne powiadomienie, gdy funkcja cookie jest ustawiona. Mo\u017cesz zapobiec ustawianiu plik\u00f3w cookie, dostosowuj\u0105c ustawienia w przegl\u0105darce. Nale\u017cy jednak pami\u0119ta\u0107, \u017ce blokowanie lub usuwanie plik\u00f3w cookie mo\u017ce uniemo\u017cliwi\u0107 pe\u0142ne korzystanie z witryny.<\/p>\n<p>Nasze pliki cookies b\u0119d\u0105 wykorzystywane do:<\/p>\n<p><em>Niezb\u0119dnego zarz\u0105dzania sesj\u0105<\/em><\/p>\n<ul>\n<li>stworzenie specjalnej sesji logowania dla u\u017cytkownika strony, aby strona zapami\u0119ta\u0142a, \u017ce \u200b\u200bu\u017cytkownik jest zalogowany, a jego \u017c\u0105dania strony s\u0105 dostarczane w spos\u00f3b skuteczny, bezpieczny i sp\u00f3jny;<\/li>\n<li>rozpoznanie, kiedy wcze\u015bniej u\u017cytkownik serwisu odwiedzi\u0142 witryn\u0119 pozwoli nam zidentyfikowa\u0107 liczb\u0119 unikalnych u\u017cytkownik\u00f3w, kt\u00f3rzy skorzystali z serwisu i upewni\u0107 si\u0119, \u017ce mamy wystarczaj\u0105c\u0105 pojemno\u015b\u0107 dla liczby u\u017cytkownik\u00f3w, kt\u00f3rych pozyskujemy;<\/li>\n<li>rozpoznanie, czy osoba odwiedzaj\u0105ca jest zarejestrowana u nas w jakikolwiek spos\u00f3b;<\/li>\n<li>mo\u017cemy r\u00f3wnie\u017c rejestrowa\u0107 informacje z Twojego komputera, w tym pliki cookie, Tw\u00f3j adres IP i informacje o twoim programie przegl\u0105darki, aby umo\u017cliwi\u0107 nam zdiagnozowanie problem\u00f3w, administrowanie i \u015bledzenie korzystania z naszej witryny.<\/li>\n<\/ul>\n<p><em>Funkcjonalno\u015b\u0107<\/em><\/p>\n<ul>\n<li>dostosowywanie element\u00f3w uk\u0142adu szaty graficznej i\/lub zawarto\u015bci stron witryny.<\/li>\n<\/ul>\n<p><em>Pomiary i wydajno\u015b\u0107<\/em><\/p>\n<ul>\n<li>zbieranie informacji statystycznych o tym, jak nasi u\u017cytkownicy korzystaj\u0105 ze strony, aby\u015bmy mogli ulepszy\u0107 witryn\u0119 i dowiedzie\u0107 si\u0119, kt\u00f3re cz\u0119\u015bci s\u0105 najbardziej popularne dla u\u017cytkownik\u00f3w.<\/li>\n<\/ul>\n<p><strong>Jak u\u017cywamy to, co zbieramy<\/strong><\/p>\n<p>Mo\u017cemy wykorzystywa\u0107 informacje o Tobie, aby:<\/p>\n<ul>\n<li>przedstawia\u0107 ci skutecznie tre\u015b\u0107 witryny;<\/li>\n<li>dostarczy\u0107 informacje, produkty i us\u0142ugi, o kt\u00f3re prosisz, lub (za Twoj\u0105 zgod\u0105), kt\u00f3re naszym zdaniem mog\u0105 Ci\u0119 zainteresowa\u0107;<\/li>\n<li>wype\u0142ni\u0107 warunki umowy z Tob\u0105;<\/li>\n<li>da\u0107 ci mo\u017cliwo\u015b\u0107 korzystania z naszych us\u0142ug interaktywnych;<\/li>\n<li>przekaza\u0107 ci nasze zarzuty;<\/li>\n<li>przekaza\u0107 informacj\u0119 o innych towarach i us\u0142ugach, kt\u00f3re mog\u0105 Ci\u0119 zainteresowa\u0107. Mo\u017cemy pozwoli\u0107 innym podmiotom na przekazywanie informacji, a my (lub oni) mo\u017cemy si\u0119 z tob\u0105 skontaktowa\u0107.<\/li>\n<\/ul>\n<p>Je\u015bli jeste\u015b nowym klientem, skontaktujemy si\u0119 z Tob\u0105 tylko, je\u015bli wyrazisz na to zgod\u0119.<\/p>\n<p>Ponadto, je\u015bli nie chcesz, aby\u015bmy wykorzystali Twoje dane osobowe z innych powod\u00f3w ni\u017c te wymienione w tej sekcji, mo\u017cesz nas o tym powiadomi\u0107 w dowolnym momencie, kontaktuj\u0105c si\u0119 z nami pod adresem info.poland@vastint.eu, a my usuniemy Twoje dane z naszych system\u00f3w. Uznajesz jednak, \u017ce ograniczy to nasz\u0105 zdolno\u015b\u0107 do zapewniania Tobie mo\u017cliwie najlepszych produkt\u00f3w i us\u0142ug.<\/p>\n<p>W niekt\u00f3rych przypadkach gromadzenie danych osobowych mo\u017ce by\u0107 wymogiem ustawowym lub umownym i w przypadku gdy nie podasz swoich danych osobowych ograniczymy si\u0119 wy\u0142\u0105cznie do przekazania us\u0142ug i produkt\u00f3w, kt\u00f3re mo\u017cemy \u015bwiadczy\u0107.<\/p>\n<p><strong>Gdzie przechowujemy Twoje dane<\/strong><\/p>\n<p>Twoje dane osobowe nie b\u0119d\u0105 przekazywane do pa\u0144stwa trzeciego\/organizacji mi\u0119dzynarodowej.<\/p>\n<p>Przechowujemy Twoje dane osobowe tak d\u0142ugo, jak to konieczne, aby u\u017cywa\u0107 ich w spos\u00f3b opisany powy\u017cej w sekcji powy\u017cej i \/ lub tak d\u0142ugo, jak mamy Twoj\u0105 zgod\u0119 na ich zachowanie. W ka\u017cdym przypadku, przeprowadzimy raz na rok audyt, aby ustali\u0107, czy potrzebujemy zachowa\u0107 Twoje dane osobowe. Twoje dane osobowe zostan\u0105 usuni\u0119te, je\u015bli nie b\u0119dziemy ich ju\u017c potrzebowa\u0107.<\/p>\n<p><strong>Ujawnianie informacji<\/strong><\/p>\n<p>Mo\u017cemy ujawni\u0107 Twoje dane w nast\u0119puj\u0105cych przypadkach:<\/p>\n<ul>\n<li>je\u015bli chcemy sprzeda\u0107 nasz projekt lub nasz\u0105 firm\u0119, mo\u017cemy ujawni\u0107 je potencjalnemu nabywcy;<\/li>\n<li>mo\u017cemy ujawni\u0107 innym firmom z naszej grupy;<\/li>\n<li>mo\u017cemy je ujawni\u0107, je\u015bli mamy do tego prawny obowi\u0105zek lub w celu ochrony mienia, bezpiecze\u0144stwa lub praw innych os\u00f3b;<\/li>\n<li>mo\u017cemy wymienia\u0107 informacje z innymi w celu ochrony przed oszustwami lub ryzykiem kredytowym.<\/li>\n<\/ul>\n<p>Mo\u017cemy zawiera\u0107 umowy z podmiotami zewn\u0119trznymi w celu \u015bwiadczenia us\u0142ug w naszym imieniu. Mog\u0105 to by\u0107 przetwarzanie p\u0142atno\u015bci, systemy wyszukiwarek, reklama i marketing. W niekt\u00f3rych przypadkach strony trzecie mog\u0105 wymaga\u0107 dost\u0119p do niekt\u00f3rych lub wszystkich Twoich danych. Podmiotami, kt\u00f3re maj\u0105 dost\u0119p do twoich informacji s\u0105 dostawcy system\u00f3w informatycznych i us\u0142ug IT, podmioty \u015bwiadcz\u0105ce nam us\u0142ugi doradcze, konsultacyjne, audytowe, szkoleniowe, organizacyjne, pomoc prawn\u0105, podatkow\u0105, rachunkow\u0105, podmioty z grupy kapita\u0142owej INTEROGO.<\/p>\n<p>Je\u017celi jakiekolwiek dane s\u0105 wymagane z tych powod\u00f3w, podejmiemy wszelkie uzasadnione kroki w celu zapewnienia, \u017ce \u200b\u200bdane b\u0119d\u0105 przetwarzane bezpiecznie i zgodnie z przys\u0142uguj\u0105cymi ci prawami, naszymi zobowi\u0105zaniami i zobowi\u0105zaniami strony trzeciej na podstawie przepis\u00f3w RODO i prawa.<\/p>\n<p><strong>Twoje prawa<\/strong><\/p>\n<p>Mo\u017cesz poprosi\u0107 nas, aby\u015bmy nie u\u017cywali Twoich danych do cel\u00f3w marketingowych. Mo\u017cesz to zrobi\u0107, zaznaczaj\u0105c odpowiednie pola w naszych formularzach lub kontaktuj\u0105c si\u0119 z nami w dowolnym momencie pod adresem\u00a0<a href=\"mailto:info.poland@vastint.eu\">info.poland@vastint.eu<\/a><\/p>\n<p>W ramach RODO masz prawo:<\/p>\n<ul>\n<li>\u017c\u0105da\u0107 dost\u0119pu, usuni\u0119cia lub korekty swoich danych osobowych przechowywanych przez nas bez \u017cadnych koszt\u00f3w;<\/li>\n<li>za\u017c\u0105da\u0107 przekazania danych osobowych innej osobie (mo\u017cliwo\u015b\u0107 przenoszenia danych);<\/li>\n<li>by\u0107 informowany o tym, jakie przetwarzanie danych ma miejsce;<\/li>\n<li>ograniczy\u0107 przetwarzanie;<\/li>\n<li>sprzeciwi\u0107 si\u0119 przetwarzaniu twoich danych osobowych; i<\/li>\n<li>z\u0142o\u017cy\u0107 skarg\u0119 do organu nadzorczego.<\/li>\n<\/ul>\n<p>Masz r\u00f3wnie\u017c prawa w odniesieniu do automatycznego podejmowania decyzji i profilowania, jak okre\u015blono w sekcji Zautomatyzowane podejmowanie decyzji i profilowanie poni\u017cej.<\/p>\n<p>Aby wyegzekwowa\u0107 kt\u00f3rekolwiek z powy\u017cszych praw lub w przypadku innych pyta\u0144 dotycz\u0105cych naszej strony lub niniejszej Polityki Prywatno\u015bci, skontaktuj si\u0119 z nami pod adresem\u00a0<a href=\"mailto:info.poland@vastint.eu\">info.poland@vastint.eu<\/a><\/p>\n<p><strong>\u0141\u0105cza do innych stron<\/strong><\/p>\n<p>Nale\u017cy pami\u0119ta\u0107, \u017ce nasze warunki i zasady nie b\u0119d\u0105 mia\u0142y zastosowania do innych witryn internetowych, do kt\u00f3rych mo\u017cna uzyska\u0107 dost\u0119p za po\u015brednictwem \u0142\u0105cza z naszej strony. Nie mamy kontroli nad tym, w jaki spos\u00f3b Twoje dane s\u0105 zbierane, przechowywane lub wykorzystywane przez inne strony internetowe i zalecamy sprawdzenie zasad ochrony prywatno\u015bci takich witryn przed przekazaniem im danych.<\/p>\n<p><strong>\u00a0<\/strong><strong>Zmiany<\/strong><\/p>\n<p>Je\u015bli zmienimy nasz\u0105 Polityk\u0119 Prywatno\u015bci, opublikujemy zmiany na tej stronie. Je\u015bli chcesz, mo\u017cemy r\u00f3wnie\u017c wys\u0142a\u0107 wiadomo\u015b\u0107 e-mail.<\/p>\n<p><strong>Zautomatyzowane podejmowanie decyzji i profilowanie<\/strong><\/p>\n<p>W przypadku, gdy wykorzystujemy dane osobowe do cel\u00f3w automatycznego podejmowania decyzji, a decyzje te maj\u0105 skutek prawny (lub podobnie znacz\u0105cy), masz prawo zakwestionowa\u0107 takie decyzje w ramach RODO, \u017c\u0105daj\u0105c interwencji przedstawiciela firmy, mo\u017cesz wyrazi\u0107 w\u0142asny punkt widzenia i uzyska\u0107 od nas uzasadnienie decyzji.<\/p>\n<p>Prawo opisane w tej sekcji powy\u017cej nie ma zastosowania w nast\u0119puj\u0105cych okoliczno\u015bciach:<\/p>\n<ul>\n<li>decyzja jest niezb\u0119dna do zawarcia lub wykonania umowy mi\u0119dzy Tob\u0105 a nami;<\/li>\n<li>decyzja jest dozwolona przez prawo; lub<\/li>\n<li>udzieli\u0142e\u015b wyra\u017anej zgody.<\/li>\n<\/ul>\n<p><strong>Rozwi\u0105zywanie spor\u00f3w<\/strong><\/p>\n<ul>\n<li>Strony do\u0142o\u017c\u0105 wszelkich stara\u0144, aby negocjowa\u0107 w dobrej wierze i rozstrzyga\u0107 wszelkie spory, kt\u00f3re mog\u0105 wynikn\u0105\u0107 z niniejszej Polityk Prywatno\u015bci lub by\u0107 z ni\u0105 zwi\u0105zane, lub z powodu jej naruszenia.<\/li>\n<li>Niniejsza Polityka Prywatno\u015bci oraz wszelkie spory lub roszczenia wynikaj\u0105ce z niej lub zwi\u0105zane z ni\u0105 podlegaj\u0105 i s\u0105 interpretowane zgodnie z przepisami prawa polskiego.<\/li>\n<li>Wszelkie pow\u00f3dztwa, czynno\u015bci lub post\u0119powania wynikaj\u0105ce z niniejszej Polityki Prywatno\u015bci lub z ni\u0105 zwi\u0105zane b\u0119d\u0105 prowadzone wy\u0142\u0105cznie we w\u0142a\u015bciwych s\u0105dach w Polsce.<\/li>\n<li>Wszelkie spory nie maj\u0105 wp\u0142ywu na bie\u017c\u0105ce zobowi\u0105zania stron wynikaj\u0105ce z niniejszej Polityki Prywatno\u015bci.<\/li>\n<\/ul>\n<\/div>\n","protected":false},"excerpt":{"rendered":"<p>Polityka Prywatno\u015bci i Polityka Plik\u00f3w Cookies Wst\u0119p Oto nasza Polityka Prywatno\u015bci. Dokument opisuje, jak zbieramy&#8230;<\/p>\n","protected":false},"author":1,"featured_media":0,"parent":0,"menu_order":0,"comment_status":"closed","ping_status":"closed","template":"templates\/textFull.php","meta":{"spay_email":""},"_links":{"self":[{"href":"https:\/\/www.businessgarden.eu\/poland\/covid-19\/wp-json\/wp\/v2\/pages\/85"}],"collection":[{"href":"https:\/\/www.businessgarden.eu\/poland\/covid-19\/wp-json\/wp\/v2\/pages"}],"about":[{"href":"https:\/\/www.businessgarden.eu\/poland\/covid-19\/wp-json\/wp\/v2\/types\/page"}],"author":[{"embeddable":true,"href":"https:\/\/www.businessgarden.eu\/poland\/covid-19\/wp-json\/wp\/v2\/users\/1"}],"replies":[{"embeddable":true,"href":"https:\/\/www.businessgarden.eu\/poland\/covid-19\/wp-json\/wp\/v2\/comments?post=85"}],"version-history":[{"count":0,"href":"https:\/\/www.businessgarden.eu\/poland\/covid-19\/wp-json\/wp\/v2\/pages\/85\/revisions"}],"wp:attachment":[{"href":"https:\/\/www.businessgarden.eu\/poland\/covid-19\/wp-json\/wp\/v2\/media?parent=85"}],"curies":[{"name":"wp","href":"https:\/\/api.w.org\/{rel}","templated":true}]}}