{"id":3008,"date":"2026-04-08T10:42:38","date_gmt":"2026-04-08T08:42:38","guid":{"rendered":"https:\/\/www.businessgarden.eu\/poznan\/?page_id=3008"},"modified":"2026-04-16T13:21:56","modified_gmt":"2026-04-16T11:21:56","slug":"polityka-cookies","status":"publish","type":"page","link":"https:\/\/www.businessgarden.eu\/poznan\/polityka-cookies\/","title":{"rendered":"Polityka Cookies"},"content":{"rendered":"<p>Data ostatniej aktualizacji: 01.04.2026<\/p>\n<p>Vastint Polska sp. z o. o. (zwana w niniejszej notatce \u201e<strong>Vastint<\/strong>\u201d, \u201e<strong>my<\/strong>\u201d lub \u201e<strong>nas<\/strong>\u201d) wykorzystuje na stronie internetowej businessgarden.eu (\u201e<strong>Strona<\/strong>\u201d) pliki cookies i r\u00f3wnowa\u017cne technologie (dalej: \u201e<strong>Cookies<\/strong>\u201d).<\/p>\n<p>Wi\u0119cej informacji na temat plik\u00f3w cookies i sposob\u00f3w ich kontrolowania znajdziesz w poni\u017cszych informacjach.<\/p>\n<h2>1. Wykorzystanie plik\u00f3w cookies<\/h2>\n<p>Pliki cookie to ma\u0142e pliki tekstowe umieszczane na Twoim komputerze, gdy korzystasz z przegl\u0105darki w celu odwiedzenia witryny internetowej korzystaj\u0105cej z plik\u00f3w cookie. S\u0105 one szeroko stosowane w celu zapewnienia dzia\u0142ania stron internetowych, ich wydajniejszego dzia\u0142ania oraz dostarczania informacji w\u0142a\u015bcicielom witryny.<\/p>\n<h2>2. Poni\u017csze tabele wyja\u015bniaj\u0105, jakich plik\u00f3w cookie u\u017cywamy i dlaczego<\/h2>\n<script\n\t\ttype=\"text\/javascript\"\n\t\tid=\"CookieDeclaration\"\n\t\tsrc=\"https:\/\/consent.cookiebot.com\/d7c5f3fb-6a48-4f70-afac-376b91a76c01\/cd.js\"\n\t\t><\/script>\n\n<h2>3. Jak zmieni\u0107 ustawienia dotycz\u0105ce plik\u00f3w cookie?<\/h2>\n<p>Obecnie u\u017cywamy wy\u0142\u0105cznie niezb\u0119dnych plik\u00f3w cookie (\u015bci\u015ble niezb\u0119dnych plik\u00f3w cookie), kt\u00f3rych nie mo\u017cna wy\u0142\u0105czy\u0107.<\/p>\n<p>W przysz\u0142o\u015bci mo\u017cemy doda\u0107 niepotrzebne pliki cookie, ale je\u015bli to zrobimy, zaktualizujemy niniejsz\u0105 Polityk\u0119 dotycz\u0105c\u0105 plik\u00f3w cookie, aby je wyja\u015bni\u0107. Mo\u017cesz wy\u0142\u0105czy\u0107 niepotrzebne pliki cookie, wybieraj\u0105c opcj\u0119 \u201eOdrzu\u0107 wszystko\u201d w wyskakuj\u0105cym okienku zgody na pliki cookie.<\/p>\n<p>Je\u015bli nie chcesz, aby\u015bmy umieszczali pliki cookie, mo\u017cesz tak\u017ce ustawi\u0107 swoj\u0105 przegl\u0105dark\u0119 tak, aby odrzuca\u0142a pliki cookie lub informowa\u0142a Ci\u0119 o umieszczeniu plik\u00f3w cookie. Je\u015bli jednak wybierzesz to ustawienie, mo\u017cesz nie mie\u0107 dost\u0119pu do niekt\u00f3rych cz\u0119\u015bci naszej Strony. O ile nie zmienisz ustawie\u0144 przegl\u0105darki tak, aby odrzuca\u0142a pliki cookie, Tw\u00f3j system b\u0119dzie nadal akceptowa\u0142 pliki cookie, gdy skierujesz przegl\u0105dark\u0119 na nasz\u0105 Stron\u0119.<\/p>\n<p>Aby dowiedzie\u0107 si\u0119 wi\u0119cej na temat plik\u00f3w cookie, w tym jak sprawdzi\u0107, jakie pliki cookie zosta\u0142y ustawione oraz jak nimi zarz\u0105dza\u0107 i je usuwa\u0107, odwied\u017a www.aboutcookies.org lub www.allaboutcookies.org.<\/p>\n<h2>4. Pytania, w\u0105tpliwo\u015bci lub skargi<\/h2>\n<p>Aby zada\u0107 pytania lub skomentowa\u0107 nasz\u0105 Polityk\u0119 plik\u00f3w cookie, prosimy o kontakt pod adresem <a href=\"mailto:info.poland@vastint.eu\">info.poland@vastint.eu<\/a> lub mo\u017cesz napisa\u0107 do Vastint Poland sp. z o.o., ul. \u017bwirki i Wigury 16B, 02-092 Warszawa, Polska, oznaczona do wiadomo\u015bci Radcy Prawnego.<\/p>\n<p>Prosimy o zapoznanie si\u0119 z nasz\u0105 <a href=\"https:\/\/www.businessgarden.eu\/poznan\/polityka-prywatnosci\/\">Polityk\u0105 Prywatno\u015bci<\/a>, aby uzyska\u0107 informacje o tym, jak przetwarzamy Twoje dane osobowe.<\/p>\n<p>&nbsp;<\/p>\n","protected":false},"excerpt":{"rendered":"<p>Data ostatniej aktualizacji: 01.04.2026 Vastint Polska sp. z o. o. (zwana w niniejszej notatce \u201eVastint\u201d, \u201emy\u201d lub \u201enas\u201d) wykorzystuje na stronie internetowej businessgarden.eu (\u201eStrona\u201d) pliki cookies i r\u00f3wnowa\u017cne technologie (dalej: \u201eCookies\u201d). Wi\u0119cej informacji na temat plik\u00f3w cookies i sposob\u00f3w ich kontrolowania znajdziesz w poni\u017cszych informacjach. 1. Wykorzystanie plik\u00f3w cookies Pliki cookie to ma\u0142e pliki tekstowe [&hellip;]<\/p>\n","protected":false},"author":2,"featured_media":0,"parent":0,"menu_order":0,"comment_status":"closed","ping_status":"closed","template":"page-templates\/page-text.php","meta":{"spay_email":""},"acf":[],"_links":{"self":[{"href":"https:\/\/www.businessgarden.eu\/poznan\/wp-json\/wp\/v2\/pages\/3008"}],"collection":[{"href":"https:\/\/www.businessgarden.eu\/poznan\/wp-json\/wp\/v2\/pages"}],"about":[{"href":"https:\/\/www.businessgarden.eu\/poznan\/wp-json\/wp\/v2\/types\/page"}],"author":[{"embeddable":true,"href":"https:\/\/www.businessgarden.eu\/poznan\/wp-json\/wp\/v2\/users\/2"}],"replies":[{"embeddable":true,"href":"https:\/\/www.businessgarden.eu\/poznan\/wp-json\/wp\/v2\/comments?post=3008"}],"version-history":[{"count":4,"href":"https:\/\/www.businessgarden.eu\/poznan\/wp-json\/wp\/v2\/pages\/3008\/revisions"}],"predecessor-version":[{"id":3021,"href":"https:\/\/www.businessgarden.eu\/poznan\/wp-json\/wp\/v2\/pages\/3008\/revisions\/3021"}],"wp:attachment":[{"href":"https:\/\/www.businessgarden.eu\/poznan\/wp-json\/wp\/v2\/media?parent=3008"}],"curies":[{"name":"wp","href":"https:\/\/api.w.org\/{rel}","templated":true}]}}