{"id":618,"date":"2019-12-07T16:33:28","date_gmt":"2019-12-07T15:33:28","guid":{"rendered":"http:\/\/www2.businessgarden.eu\/poznan\/?page_id=618"},"modified":"2026-03-06T17:06:25","modified_gmt":"2026-03-06T16:06:25","slug":"biuro","status":"publish","type":"page","link":"https:\/\/www.businessgarden.eu\/poznan\/biuro\/","title":{"rendered":"Wynajem"},"content":{"rendered":"<h1>Business Garden to idealne miejsce na twoje biuro.<br \/>\nSprawd\u017a dost\u0119pno\u015b\u0107 powierzchni biurowej.<br \/>\nSkontaktuj si\u0119 z nami: <a href=\"mailto:info@businessgarden.pl\">info@businessgarden.pl<\/a><\/h1>\n","protected":false},"excerpt":{"rendered":"<p>Business Garden to idealne miejsce na twoje biuro. Sprawd\u017a dost\u0119pno\u015b\u0107 powierzchni biurowej. Skontaktuj si\u0119 z nami: info@businessgarden.pl<\/p>\n","protected":false},"author":1,"featured_media":0,"parent":0,"menu_order":0,"comment_status":"closed","ping_status":"closed","template":"page-templates\/page-office.php","meta":{"spay_email":""},"acf":[],"_links":{"self":[{"href":"https:\/\/www.businessgarden.eu\/poznan\/wp-json\/wp\/v2\/pages\/618"}],"collection":[{"href":"https:\/\/www.businessgarden.eu\/poznan\/wp-json\/wp\/v2\/pages"}],"about":[{"href":"https:\/\/www.businessgarden.eu\/poznan\/wp-json\/wp\/v2\/types\/page"}],"author":[{"embeddable":true,"href":"https:\/\/www.businessgarden.eu\/poznan\/wp-json\/wp\/v2\/users\/1"}],"replies":[{"embeddable":true,"href":"https:\/\/www.businessgarden.eu\/poznan\/wp-json\/wp\/v2\/comments?post=618"}],"version-history":[{"count":22,"href":"https:\/\/www.businessgarden.eu\/poznan\/wp-json\/wp\/v2\/pages\/618\/revisions"}],"predecessor-version":[{"id":2998,"href":"https:\/\/www.businessgarden.eu\/poznan\/wp-json\/wp\/v2\/pages\/618\/revisions\/2998"}],"wp:attachment":[{"href":"https:\/\/www.businessgarden.eu\/poznan\/wp-json\/wp\/v2\/media?parent=618"}],"curies":[{"name":"wp","href":"https:\/\/api.w.org\/{rel}","templated":true}]}}